{"id":584,"date":"2020-12-14T11:01:04","date_gmt":"2020-12-14T11:01:04","guid":{"rendered":"http:\/\/phuc.de\/6742836748234234\/?page_id=584"},"modified":"2020-12-22T05:28:21","modified_gmt":"2020-12-22T05:28:21","slug":"kompetenzen","status":"publish","type":"page","link":"https:\/\/www.prs-familytrust.de\/en\/kompetenzen\/","title":{"rendered":"Business"},"content":{"rendered":"<div data-elementor-type=\"wp-page\" data-elementor-id=\"584\" class=\"elementor elementor-584\" data-elementor-post-type=\"page\">\n\t\t\t\t\t\t<section class=\"elementor-section elementor-top-section elementor-element elementor-element-33d5d951 elementor-section-full_width elementor-section-height-min-height elementor-section-height-default elementor-section-items-middle\" data-id=\"33d5d951\" data-element_type=\"section\" data-e-type=\"section\" data-settings=\"{&quot;background_background&quot;:&quot;classic&quot;}\">\n\t\t\t\t\t\t<div class=\"elementor-container elementor-column-gap-default\">\n\t\t\t\t\t<div class=\"elementor-column elementor-col-100 elementor-top-column elementor-element elementor-element-78a1358c\" data-id=\"78a1358c\" data-element_type=\"column\" data-e-type=\"column\" data-settings=\"{&quot;background_background&quot;:&quot;classic&quot;}\">\n\t\t\t<div class=\"elementor-widget-wrap elementor-element-populated\">\n\t\t\t\t\t\t<div class=\"elementor-element elementor-element-48c7078a elementor-widget elementor-widget-spacer\" data-id=\"48c7078a\" data-element_type=\"widget\" data-e-type=\"widget\" data-widget_type=\"spacer.default\">\n\t\t\t\t<div class=\"elementor-widget-container\">\n\t\t\t\t\t\t\t<div class=\"elementor-spacer\">\n\t\t\t<div class=\"elementor-spacer-inner\"><\/div>\n\t\t<\/div>\n\t\t\t\t\t\t<\/div>\n\t\t\t\t<\/div>\n\t\t\t\t<div class=\"elementor-element elementor-element-f98f04e elementor-widget elementor-widget-menu-anchor\" data-id=\"f98f04e\" data-element_type=\"widget\" data-e-type=\"widget\" data-widget_type=\"menu-anchor.default\">\n\t\t\t\t<div class=\"elementor-widget-container\">\n\t\t\t\t\t\t\t<div class=\"elementor-menu-anchor\" id=\"investment\"><\/div>\n\t\t\t\t\t\t<\/div>\n\t\t\t\t<\/div>\n\t\t\t\t\t<\/div>\n\t\t<\/div>\n\t\t\t\t\t<\/div>\n\t\t<\/section>\n\t\t\t\t<section class=\"elementor-section elementor-top-section elementor-element elementor-element-79651ed5 elementor-section-boxed elementor-section-height-default elementor-section-height-default\" data-id=\"79651ed5\" data-element_type=\"section\" data-e-type=\"section\">\n\t\t\t\t\t\t<div class=\"elementor-container elementor-column-gap-default\">\n\t\t\t\t\t<div class=\"elementor-column elementor-col-100 elementor-top-column elementor-element elementor-element-237a1d03\" data-id=\"237a1d03\" data-element_type=\"column\" data-e-type=\"column\">\n\t\t\t<div class=\"elementor-widget-wrap elementor-element-populated\">\n\t\t\t\t\t\t<div class=\"elementor-element elementor-element-71926736 elementor-widget elementor-widget-text-editor\" data-id=\"71926736\" data-element_type=\"widget\" data-e-type=\"widget\" data-widget_type=\"text-editor.default\">\n\t\t\t\t<div class=\"elementor-widget-container\">\n\t\t\t\t\t\t\t\t\t<h2 style=\"text-align: center;\">INVESTMENT<\/h2>\t\t\t\t\t\t\t\t<\/div>\n\t\t\t\t<\/div>\n\t\t\t\t<div class=\"elementor-element elementor-element-6050728c elementor-widget elementor-widget-text-editor\" data-id=\"6050728c\" data-element_type=\"widget\" data-e-type=\"widget\" data-widget_type=\"text-editor.default\">\n\t\t\t\t<div class=\"elementor-widget-container\">\n\t\t\t\t\t\t\t\t\t<h3 style=\"text-align: center;\"><em>Untapped potential<\/em><\/h3>\t\t\t\t\t\t\t\t<\/div>\n\t\t\t\t<\/div>\n\t\t\t\t<div class=\"elementor-element elementor-element-5a6b33c7 elementor-widget-divider--view-line elementor-widget elementor-widget-divider\" data-id=\"5a6b33c7\" data-element_type=\"widget\" data-e-type=\"widget\" data-widget_type=\"divider.default\">\n\t\t\t\t<div class=\"elementor-widget-container\">\n\t\t\t\t\t\t\t<div class=\"elementor-divider\">\n\t\t\t<span class=\"elementor-divider-separator\">\n\t\t\t\t\t\t<\/span>\n\t\t<\/div>\n\t\t\t\t\t\t<\/div>\n\t\t\t\t<\/div>\n\t\t\t\t<div class=\"elementor-element elementor-element-77d4899b elementor-widget elementor-widget-text-editor\" data-id=\"77d4899b\" data-element_type=\"widget\" data-e-type=\"widget\" data-widget_type=\"text-editor.default\">\n\t\t\t\t<div class=\"elementor-widget-container\">\n\t\t\t\t\t\t\t\t\tOne of our business areas is the investment of residential and commercial real estate in the whole of Germany. This relates specifically to the build-up of inventories, asset management and portfolio structuring of both own investments and partner investments from Germany and abroad. In addition, we take on mandates of this kind on behalf of third parties.\t\t\t\t\t\t\t\t<\/div>\n\t\t\t\t<\/div>\n\t\t\t\t\t<\/div>\n\t\t<\/div>\n\t\t\t\t\t<\/div>\n\t\t<\/section>\n\t\t\t\t<section class=\"elementor-section elementor-top-section elementor-element elementor-element-2b5e939 elementor-section-full_width elementor-section-height-min-height elementor-section-height-default elementor-section-items-middle\" data-id=\"2b5e939\" data-element_type=\"section\" data-e-type=\"section\" data-settings=\"{&quot;background_background&quot;:&quot;classic&quot;}\">\n\t\t\t\t\t\t<div class=\"elementor-container elementor-column-gap-default\">\n\t\t\t\t\t<div class=\"elementor-column elementor-col-100 elementor-top-column elementor-element elementor-element-47b6b0ab\" data-id=\"47b6b0ab\" data-element_type=\"column\" data-e-type=\"column\" data-settings=\"{&quot;background_background&quot;:&quot;classic&quot;}\">\n\t\t\t<div class=\"elementor-widget-wrap elementor-element-populated\">\n\t\t\t\t\t\t<div class=\"elementor-element elementor-element-5b5fc641 elementor-widget elementor-widget-spacer\" data-id=\"5b5fc641\" data-element_type=\"widget\" data-e-type=\"widget\" data-widget_type=\"spacer.default\">\n\t\t\t\t<div class=\"elementor-widget-container\">\n\t\t\t\t\t\t\t<div class=\"elementor-spacer\">\n\t\t\t<div class=\"elementor-spacer-inner\"><\/div>\n\t\t<\/div>\n\t\t\t\t\t\t<\/div>\n\t\t\t\t<\/div>\n\t\t\t\t<div class=\"elementor-element elementor-element-44c2682 elementor-widget elementor-widget-menu-anchor\" data-id=\"44c2682\" data-element_type=\"widget\" data-e-type=\"widget\" data-widget_type=\"menu-anchor.default\">\n\t\t\t\t<div class=\"elementor-widget-container\">\n\t\t\t\t\t\t\t<div class=\"elementor-menu-anchor\" id=\"projektentwicklung\"><\/div>\n\t\t\t\t\t\t<\/div>\n\t\t\t\t<\/div>\n\t\t\t\t\t<\/div>\n\t\t<\/div>\n\t\t\t\t\t<\/div>\n\t\t<\/section>\n\t\t\t\t<section class=\"elementor-section elementor-top-section elementor-element elementor-element-53e91cef elementor-section-boxed elementor-section-height-default elementor-section-height-default\" data-id=\"53e91cef\" data-element_type=\"section\" data-e-type=\"section\">\n\t\t\t\t\t\t<div class=\"elementor-container elementor-column-gap-default\">\n\t\t\t\t\t<div class=\"elementor-column elementor-col-100 elementor-top-column elementor-element elementor-element-4c3be10c\" data-id=\"4c3be10c\" data-element_type=\"column\" data-e-type=\"column\">\n\t\t\t<div class=\"elementor-widget-wrap elementor-element-populated\">\n\t\t\t\t\t\t<div class=\"elementor-element elementor-element-6b136edf elementor-widget elementor-widget-text-editor\" data-id=\"6b136edf\" data-element_type=\"widget\" data-e-type=\"widget\" data-widget_type=\"text-editor.default\">\n\t\t\t\t<div class=\"elementor-widget-container\">\n\t\t\t\t\t\t\t\t\t<h2 style=\"text-align: center;\">PROJECT DEVELOPMENT\n<\/h2>\t\t\t\t\t\t\t\t<\/div>\n\t\t\t\t<\/div>\n\t\t\t\t<div class=\"elementor-element elementor-element-5db04f0a elementor-widget elementor-widget-text-editor\" data-id=\"5db04f0a\" data-element_type=\"widget\" data-e-type=\"widget\" data-widget_type=\"text-editor.default\">\n\t\t\t\t<div class=\"elementor-widget-container\">\n\t\t\t\t\t\t\t\t\t<h3 style=\"text-align: center;\"><em>Key to higher value<\/em><\/h3>\t\t\t\t\t\t\t\t<\/div>\n\t\t\t\t<\/div>\n\t\t\t\t<div class=\"elementor-element elementor-element-6c2bb12b elementor-widget-divider--view-line elementor-widget elementor-widget-divider\" data-id=\"6c2bb12b\" data-element_type=\"widget\" data-e-type=\"widget\" data-widget_type=\"divider.default\">\n\t\t\t\t<div class=\"elementor-widget-container\">\n\t\t\t\t\t\t\t<div class=\"elementor-divider\">\n\t\t\t<span class=\"elementor-divider-separator\">\n\t\t\t\t\t\t<\/span>\n\t\t<\/div>\n\t\t\t\t\t\t<\/div>\n\t\t\t\t<\/div>\n\t\t\t\t<div class=\"elementor-element elementor-element-4b1d040c elementor-widget elementor-widget-text-editor\" data-id=\"4b1d040c\" data-element_type=\"widget\" data-e-type=\"widget\" data-widget_type=\"text-editor.default\">\n\t\t\t\t<div class=\"elementor-widget-container\">\n\t\t\t\t\t\t\t\t\t<p>At the heart of our work is project development, in all of its many aspects: This covers everything from the procurement of planning permission to the revitalisation and conversion of previous commercial and industrial sites. The focus here is on our adopted home town of Berlin, where we have implemented many successful projects since the early '90s. A special subsidiary was founded to expand our activities in Berlin and the surrounding region:<br \/><a href=\"http:\/\/dle-berlin.de\/\">DLE Deutsche Landentwicklung GmbH &amp; Co. KG<\/a>.<\/p>\t\t\t\t\t\t\t\t<\/div>\n\t\t\t\t<\/div>\n\t\t\t\t<div class=\"elementor-element elementor-element-4da0486a elementor-widget elementor-widget-image\" data-id=\"4da0486a\" data-element_type=\"widget\" data-e-type=\"widget\" data-widget_type=\"image.default\">\n\t\t\t\t<div class=\"elementor-widget-container\">\n\t\t\t\t\t\t\t\t\t\t\t\t\t\t\t<img fetchpriority=\"high\" decoding=\"async\" width=\"400\" height=\"286\" src=\"https:\/\/www.prs-familytrust.de\/wp-content\/uploads\/2020\/12\/logo1.png\" class=\"attachment-full size-full wp-image-436\" alt=\"\" srcset=\"https:\/\/www.prs-familytrust.de\/wp-content\/uploads\/2020\/12\/logo1.png 400w, https:\/\/www.prs-familytrust.de\/wp-content\/uploads\/2020\/12\/logo1-300x215.png 300w\" sizes=\"(max-width: 400px) 100vw, 400px\" \/>\t\t\t\t\t\t\t\t\t\t\t\t\t\t\t<\/div>\n\t\t\t\t<\/div>\n\t\t\t\t\t<\/div>\n\t\t<\/div>\n\t\t\t\t\t<\/div>\n\t\t<\/section>\n\t\t\t\t<section class=\"elementor-section elementor-top-section elementor-element elementor-element-780dc990 elementor-section-full_width elementor-section-height-min-height elementor-section-height-default elementor-section-items-middle\" data-id=\"780dc990\" data-element_type=\"section\" data-e-type=\"section\" data-settings=\"{&quot;background_background&quot;:&quot;classic&quot;}\">\n\t\t\t\t\t\t<div class=\"elementor-container elementor-column-gap-default\">\n\t\t\t\t\t<div class=\"elementor-column elementor-col-100 elementor-top-column elementor-element elementor-element-10d986f1\" data-id=\"10d986f1\" data-element_type=\"column\" data-e-type=\"column\" data-settings=\"{&quot;background_background&quot;:&quot;classic&quot;}\">\n\t\t\t<div class=\"elementor-widget-wrap elementor-element-populated\">\n\t\t\t\t\t\t<div class=\"elementor-element elementor-element-53962668 elementor-widget elementor-widget-spacer\" data-id=\"53962668\" data-element_type=\"widget\" data-e-type=\"widget\" data-widget_type=\"spacer.default\">\n\t\t\t\t<div class=\"elementor-widget-container\">\n\t\t\t\t\t\t\t<div class=\"elementor-spacer\">\n\t\t\t<div class=\"elementor-spacer-inner\"><\/div>\n\t\t<\/div>\n\t\t\t\t\t\t<\/div>\n\t\t\t\t<\/div>\n\t\t\t\t<div class=\"elementor-element elementor-element-315d011 elementor-widget elementor-widget-menu-anchor\" data-id=\"315d011\" data-element_type=\"widget\" data-e-type=\"widget\" data-widget_type=\"menu-anchor.default\">\n\t\t\t\t<div class=\"elementor-widget-container\">\n\t\t\t\t\t\t\t<div class=\"elementor-menu-anchor\" id=\"beteiligungen\"><\/div>\n\t\t\t\t\t\t<\/div>\n\t\t\t\t<\/div>\n\t\t\t\t\t<\/div>\n\t\t<\/div>\n\t\t\t\t\t<\/div>\n\t\t<\/section>\n\t\t\t\t<section class=\"elementor-section elementor-top-section elementor-element elementor-element-69379223 elementor-section-boxed elementor-section-height-default elementor-section-height-default\" data-id=\"69379223\" data-element_type=\"section\" data-e-type=\"section\">\n\t\t\t\t\t\t<div class=\"elementor-container elementor-column-gap-default\">\n\t\t\t\t\t<div class=\"elementor-column elementor-col-100 elementor-top-column elementor-element elementor-element-6a9fbd7a\" data-id=\"6a9fbd7a\" data-element_type=\"column\" data-e-type=\"column\">\n\t\t\t<div class=\"elementor-widget-wrap elementor-element-populated\">\n\t\t\t\t\t\t<div class=\"elementor-element elementor-element-1733c679 elementor-widget elementor-widget-text-editor\" data-id=\"1733c679\" data-element_type=\"widget\" data-e-type=\"widget\" data-widget_type=\"text-editor.default\">\n\t\t\t\t<div class=\"elementor-widget-container\">\n\t\t\t\t\t\t\t\t\t<h2 style=\"text-align: center;\">HOLDINGS\n<\/h2>\t\t\t\t\t\t\t\t<\/div>\n\t\t\t\t<\/div>\n\t\t\t\t<div class=\"elementor-element elementor-element-74dcc3c9 elementor-widget elementor-widget-text-editor\" data-id=\"74dcc3c9\" data-element_type=\"widget\" data-e-type=\"widget\" data-widget_type=\"text-editor.default\">\n\t\t\t\t<div class=\"elementor-widget-container\">\n\t\t\t\t\t\t\t\t\t<h3 style=\"text-align: center;\"><em>Development boost\n\n<\/em><\/h3>\t\t\t\t\t\t\t\t<\/div>\n\t\t\t\t<\/div>\n\t\t\t\t<div class=\"elementor-element elementor-element-187418b8 elementor-widget-divider--view-line elementor-widget elementor-widget-divider\" data-id=\"187418b8\" data-element_type=\"widget\" data-e-type=\"widget\" data-widget_type=\"divider.default\">\n\t\t\t\t<div class=\"elementor-widget-container\">\n\t\t\t\t\t\t\t<div class=\"elementor-divider\">\n\t\t\t<span class=\"elementor-divider-separator\">\n\t\t\t\t\t\t<\/span>\n\t\t<\/div>\n\t\t\t\t\t\t<\/div>\n\t\t\t\t<\/div>\n\t\t\t\t<div class=\"elementor-element elementor-element-6a7ae8b4 elementor-widget elementor-widget-text-editor\" data-id=\"6a7ae8b4\" data-element_type=\"widget\" data-e-type=\"widget\" data-widget_type=\"text-editor.default\">\n\t\t\t\t<div class=\"elementor-widget-container\">\n\t\t\t\t\t\t\t\t\tPRS Family Trust also invests in international companies with good prospects and solid development potential. One of our investment objectives is to list these companies on national and international stock exchanges by means of guided IPO efforts. Previous transactions focused on two real estate IPOs: Accentro Real Estate AG (formerly ESTAVIS AG) and GxP German Properties AG, in addition to investments in project development and real estate portfolio management companies.\n\n\t\t\t\t\t\t\t\t<\/div>\n\t\t\t\t<\/div>\n\t\t\t\t\t<\/div>\n\t\t<\/div>\n\t\t\t\t\t<\/div>\n\t\t<\/section>\n\t\t\t\t<\/div>","protected":false},"excerpt":{"rendered":"<p>INVESTMENT Untapped potential Einer unserer Unternehmensbereiche ist das Investment von Wohn- und Gewerbeimmobilien in ganz Deutschland. Dabei geht es konkret um Bestandaufbau, Asset Management und Portfoliostrukturierung sowohl von eigenen Investments als auch gemeinsam mit Partnern aus dem In- und Ausland. Dar\u00fcber hinaus \u00fcbernehmen wir Mandate dieser Art f\u00fcr fremde Dritte. PROJEKTENTWICKLUNG Key to higher value&hellip;&nbsp;<a href=\"https:\/\/www.prs-familytrust.de\/en\/kompetenzen\/\" rel=\"bookmark\">Read More &raquo;<span class=\"screen-reader-text\">Business<\/span><\/a><\/p>","protected":false},"author":1,"featured_media":0,"parent":0,"menu_order":0,"comment_status":"closed","ping_status":"closed","template":"page-templates\/template-pagebuilder-full-width.php","meta":{"neve_meta_sidebar":"full-width","neve_meta_container":"","neve_meta_enable_content_width":"on","neve_meta_content_width":100,"neve_meta_title_alignment":"","neve_meta_author_avatar":"","neve_post_elements_order":"","neve_meta_disable_header":"","neve_meta_disable_footer":"","neve_meta_disable_title":"","neve_meta_reading_time":"","footnotes":""},"class_list":["post-584","page","type-page","status-publish","hentry"],"yoast_head":"<!-- This site is optimized with the Yoast SEO plugin v27.6 - https:\/\/yoast.com\/product\/yoast-seo-wordpress\/ -->\n<title>Kompetenzen - PRS FamilyTrust<\/title>\n<meta name=\"robots\" content=\"index, follow, max-snippet:-1, max-image-preview:large, max-video-preview:-1\" \/>\n<link rel=\"canonical\" href=\"https:\/\/www.prs-familytrust.de\/en\/kompetenzen\/\" \/>\n<meta property=\"og:locale\" content=\"en_US\" \/>\n<meta property=\"og:type\" content=\"article\" \/>\n<meta property=\"og:title\" content=\"Kompetenzen - PRS FamilyTrust\" \/>\n<meta property=\"og:description\" content=\"INVESTMENT Untapped potential Einer unserer Unternehmensbereiche ist das Investment von Wohn- und Gewerbeimmobilien in ganz Deutschland. Dabei geht es konkret um Bestandaufbau, Asset Management und Portfoliostrukturierung sowohl von eigenen Investments als auch gemeinsam mit Partnern aus dem In- und Ausland. Dar\u00fcber hinaus \u00fcbernehmen wir Mandate dieser Art f\u00fcr fremde Dritte. PROJEKTENTWICKLUNG Key to higher value&hellip;&nbsp;Read More &raquo;Kompetenzen\" \/>\n<meta property=\"og:url\" content=\"https:\/\/www.prs-familytrust.de\/en\/kompetenzen\/\" \/>\n<meta property=\"og:site_name\" content=\"PRS FamilyTrust\" \/>\n<meta property=\"article:modified_time\" content=\"2020-12-22T05:28:21+00:00\" \/>\n<meta property=\"og:image\" content=\"https:\/\/www.prs-familytrust.de\/wp-content\/uploads\/2020\/12\/logo1.png\" \/>\n<meta name=\"twitter:card\" content=\"summary_large_image\" \/>\n<meta name=\"twitter:label1\" content=\"Est. reading time\" \/>\n\t<meta name=\"twitter:data1\" content=\"1 minute\" \/>\n<script type=\"application\/ld+json\" class=\"yoast-schema-graph\">{\"@context\":\"https:\\\/\\\/schema.org\",\"@graph\":[{\"@type\":\"WebPage\",\"@id\":\"https:\\\/\\\/www.prs-familytrust.de\\\/kompetenzen\\\/\",\"url\":\"https:\\\/\\\/www.prs-familytrust.de\\\/kompetenzen\\\/\",\"name\":\"Kompetenzen - PRS FamilyTrust\",\"isPartOf\":{\"@id\":\"https:\\\/\\\/www.prs-familytrust.de\\\/#website\"},\"primaryImageOfPage\":{\"@id\":\"https:\\\/\\\/www.prs-familytrust.de\\\/kompetenzen\\\/#primaryimage\"},\"image\":{\"@id\":\"https:\\\/\\\/www.prs-familytrust.de\\\/kompetenzen\\\/#primaryimage\"},\"thumbnailUrl\":\"https:\\\/\\\/www.prs-familytrust.de\\\/wp-content\\\/uploads\\\/2020\\\/12\\\/logo1.png\",\"datePublished\":\"2020-12-14T11:01:04+00:00\",\"dateModified\":\"2020-12-22T05:28:21+00:00\",\"breadcrumb\":{\"@id\":\"https:\\\/\\\/www.prs-familytrust.de\\\/kompetenzen\\\/#breadcrumb\"},\"inLanguage\":\"en-US\",\"potentialAction\":[{\"@type\":\"ReadAction\",\"target\":[\"https:\\\/\\\/www.prs-familytrust.de\\\/kompetenzen\\\/\"]}]},{\"@type\":\"ImageObject\",\"inLanguage\":\"en-US\",\"@id\":\"https:\\\/\\\/www.prs-familytrust.de\\\/kompetenzen\\\/#primaryimage\",\"url\":\"https:\\\/\\\/www.prs-familytrust.de\\\/wp-content\\\/uploads\\\/2020\\\/12\\\/logo1.png\",\"contentUrl\":\"https:\\\/\\\/www.prs-familytrust.de\\\/wp-content\\\/uploads\\\/2020\\\/12\\\/logo1.png\"},{\"@type\":\"BreadcrumbList\",\"@id\":\"https:\\\/\\\/www.prs-familytrust.de\\\/kompetenzen\\\/#breadcrumb\",\"itemListElement\":[{\"@type\":\"ListItem\",\"position\":1,\"name\":\"Home\",\"item\":\"https:\\\/\\\/www.prs-familytrust.de\\\/\"},{\"@type\":\"ListItem\",\"position\":2,\"name\":\"Kompetenzen\"}]},{\"@type\":\"WebSite\",\"@id\":\"https:\\\/\\\/www.prs-familytrust.de\\\/#website\",\"url\":\"https:\\\/\\\/www.prs-familytrust.de\\\/\",\"name\":\"PRS FamilyTrust\",\"description\":\"\",\"publisher\":{\"@id\":\"https:\\\/\\\/www.prs-familytrust.de\\\/#organization\"},\"potentialAction\":[{\"@type\":\"SearchAction\",\"target\":{\"@type\":\"EntryPoint\",\"urlTemplate\":\"https:\\\/\\\/www.prs-familytrust.de\\\/?s={search_term_string}\"},\"query-input\":{\"@type\":\"PropertyValueSpecification\",\"valueRequired\":true,\"valueName\":\"search_term_string\"}}],\"inLanguage\":\"en-US\"},{\"@type\":\"Organization\",\"@id\":\"https:\\\/\\\/www.prs-familytrust.de\\\/#organization\",\"name\":\"PRS FamilyTrust\",\"url\":\"https:\\\/\\\/www.prs-familytrust.de\\\/\",\"logo\":{\"@type\":\"ImageObject\",\"inLanguage\":\"en-US\",\"@id\":\"https:\\\/\\\/www.prs-familytrust.de\\\/#\\\/schema\\\/logo\\\/image\\\/\",\"url\":\"https:\\\/\\\/www.prs-familytrust.de\\\/wp-content\\\/uploads\\\/2020\\\/12\\\/cropped-logo-white-1.png\",\"contentUrl\":\"https:\\\/\\\/www.prs-familytrust.de\\\/wp-content\\\/uploads\\\/2020\\\/12\\\/cropped-logo-white-1.png\",\"width\":180,\"height\":84,\"caption\":\"PRS FamilyTrust\"},\"image\":{\"@id\":\"https:\\\/\\\/www.prs-familytrust.de\\\/#\\\/schema\\\/logo\\\/image\\\/\"}}]}<\/script>\n<!-- \/ Yoast SEO plugin. -->","yoast_head_json":{"title":"Kompetenzen - PRS FamilyTrust","robots":{"index":"index","follow":"follow","max-snippet":"max-snippet:-1","max-image-preview":"max-image-preview:large","max-video-preview":"max-video-preview:-1"},"canonical":"https:\/\/www.prs-familytrust.de\/en\/kompetenzen\/","og_locale":"en_US","og_type":"article","og_title":"Kompetenzen - PRS FamilyTrust","og_description":"INVESTMENT Untapped potential Einer unserer Unternehmensbereiche ist das Investment von Wohn- und Gewerbeimmobilien in ganz Deutschland. Dabei geht es konkret um Bestandaufbau, Asset Management und Portfoliostrukturierung sowohl von eigenen Investments als auch gemeinsam mit Partnern aus dem In- und Ausland. Dar\u00fcber hinaus \u00fcbernehmen wir Mandate dieser Art f\u00fcr fremde Dritte. PROJEKTENTWICKLUNG Key to higher value&hellip;&nbsp;Read More &raquo;Kompetenzen","og_url":"https:\/\/www.prs-familytrust.de\/en\/kompetenzen\/","og_site_name":"PRS FamilyTrust","article_modified_time":"2020-12-22T05:28:21+00:00","og_image":[{"url":"https:\/\/www.prs-familytrust.de\/wp-content\/uploads\/2020\/12\/logo1.png","type":"","width":"","height":""}],"twitter_card":"summary_large_image","twitter_misc":{"Est. reading time":"1 minute"},"schema":{"@context":"https:\/\/schema.org","@graph":[{"@type":"WebPage","@id":"https:\/\/www.prs-familytrust.de\/kompetenzen\/","url":"https:\/\/www.prs-familytrust.de\/kompetenzen\/","name":"Kompetenzen - PRS FamilyTrust","isPartOf":{"@id":"https:\/\/www.prs-familytrust.de\/#website"},"primaryImageOfPage":{"@id":"https:\/\/www.prs-familytrust.de\/kompetenzen\/#primaryimage"},"image":{"@id":"https:\/\/www.prs-familytrust.de\/kompetenzen\/#primaryimage"},"thumbnailUrl":"https:\/\/www.prs-familytrust.de\/wp-content\/uploads\/2020\/12\/logo1.png","datePublished":"2020-12-14T11:01:04+00:00","dateModified":"2020-12-22T05:28:21+00:00","breadcrumb":{"@id":"https:\/\/www.prs-familytrust.de\/kompetenzen\/#breadcrumb"},"inLanguage":"en-US","potentialAction":[{"@type":"ReadAction","target":["https:\/\/www.prs-familytrust.de\/kompetenzen\/"]}]},{"@type":"ImageObject","inLanguage":"en-US","@id":"https:\/\/www.prs-familytrust.de\/kompetenzen\/#primaryimage","url":"https:\/\/www.prs-familytrust.de\/wp-content\/uploads\/2020\/12\/logo1.png","contentUrl":"https:\/\/www.prs-familytrust.de\/wp-content\/uploads\/2020\/12\/logo1.png"},{"@type":"BreadcrumbList","@id":"https:\/\/www.prs-familytrust.de\/kompetenzen\/#breadcrumb","itemListElement":[{"@type":"ListItem","position":1,"name":"Home","item":"https:\/\/www.prs-familytrust.de\/"},{"@type":"ListItem","position":2,"name":"Kompetenzen"}]},{"@type":"WebSite","@id":"https:\/\/www.prs-familytrust.de\/#website","url":"https:\/\/www.prs-familytrust.de\/","name":"PRS FamilyTrus","description":"","publisher":{"@id":"https:\/\/www.prs-familytrust.de\/#organization"},"potentialAction":[{"@type":"SearchAction","target":{"@type":"EntryPoint","urlTemplate":"https:\/\/www.prs-familytrust.de\/?s={search_term_string}"},"query-input":{"@type":"PropertyValueSpecification","valueRequired":true,"valueName":"search_term_string"}}],"inLanguage":"en-US"},{"@type":"Organization","@id":"https:\/\/www.prs-familytrust.de\/#organization","name":"PRS FamilyTrus","url":"https:\/\/www.prs-familytrust.de\/","logo":{"@type":"ImageObject","inLanguage":"en-US","@id":"https:\/\/www.prs-familytrust.de\/#\/schema\/logo\/image\/","url":"https:\/\/www.prs-familytrust.de\/wp-content\/uploads\/2020\/12\/cropped-logo-white-1.png","contentUrl":"https:\/\/www.prs-familytrust.de\/wp-content\/uploads\/2020\/12\/cropped-logo-white-1.png","width":180,"height":84,"caption":"PRS FamilyTrust"},"image":{"@id":"https:\/\/www.prs-familytrust.de\/#\/schema\/logo\/image\/"}}]}},"_links":{"self":[{"href":"https:\/\/www.prs-familytrust.de\/en\/wp-json\/wp\/v2\/pages\/584","targetHints":{"allow":["GET"]}}],"collection":[{"href":"https:\/\/www.prs-familytrust.de\/en\/wp-json\/wp\/v2\/pages"}],"about":[{"href":"https:\/\/www.prs-familytrust.de\/en\/wp-json\/wp\/v2\/types\/page"}],"author":[{"embeddable":true,"href":"https:\/\/www.prs-familytrust.de\/en\/wp-json\/wp\/v2\/users\/1"}],"replies":[{"embeddable":true,"href":"https:\/\/www.prs-familytrust.de\/en\/wp-json\/wp\/v2\/comments?post=584"}],"version-history":[{"count":28,"href":"https:\/\/www.prs-familytrust.de\/en\/wp-json\/wp\/v2\/pages\/584\/revisions"}],"predecessor-version":[{"id":760,"href":"https:\/\/www.prs-familytrust.de\/en\/wp-json\/wp\/v2\/pages\/584\/revisions\/760"}],"wp:attachment":[{"href":"https:\/\/www.prs-familytrust.de\/en\/wp-json\/wp\/v2\/media?parent=584"}],"curies":[{"name":"wp","href":"https:\/\/api.w.org\/{rel}","templated":true}]}}