{"id":538,"date":"2020-12-14T10:08:55","date_gmt":"2020-12-14T10:08:55","guid":{"rendered":"http:\/\/phuc.de\/6742836748234234\/?page_id=538"},"modified":"2021-04-01T08:24:04","modified_gmt":"2021-04-01T08:24:04","slug":"charity","status":"publish","type":"page","link":"https:\/\/www.prs-familytrust.de\/en\/charity\/","title":{"rendered":"Charity"},"content":{"rendered":"<div data-elementor-type=\"wp-page\" data-elementor-id=\"538\" class=\"elementor elementor-538\" data-elementor-post-type=\"page\">\n\t\t\t\t\t\t<section class=\"elementor-section elementor-top-section elementor-element elementor-element-1a42a2c1 elementor-section-boxed elementor-section-height-default elementor-section-height-default\" data-id=\"1a42a2c1\" data-element_type=\"section\" data-e-type=\"section\">\n\t\t\t\t\t\t<div class=\"elementor-container elementor-column-gap-default\">\n\t\t\t\t\t<div class=\"elementor-column elementor-col-100 elementor-top-column elementor-element elementor-element-4fd522f0\" data-id=\"4fd522f0\" data-element_type=\"column\" data-e-type=\"column\">\n\t\t\t<div class=\"elementor-widget-wrap elementor-element-populated\">\n\t\t\t\t\t\t<div class=\"elementor-element elementor-element-57b19c03 elementor-widget elementor-widget-text-editor\" data-id=\"57b19c03\" data-element_type=\"widget\" data-e-type=\"widget\" data-widget_type=\"text-editor.default\">\n\t\t\t\t<div class=\"elementor-widget-container\">\n\t\t\t\t\t\t\t\t\t<h2 style=\"text-align: center;\">CHARITY<\/h2>\t\t\t\t\t\t\t\t<\/div>\n\t\t\t\t<\/div>\n\t\t\t\t<div class=\"elementor-element elementor-element-439f473 elementor-widget elementor-widget-text-editor\" data-id=\"439f473\" data-element_type=\"widget\" data-e-type=\"widget\" data-widget_type=\"text-editor.default\">\n\t\t\t\t<div class=\"elementor-widget-container\">\n\t\t\t\t\t\t\t\t\t<h3 style=\"text-align: center;\"><em>Giving and taking<\/em><\/h3>\t\t\t\t\t\t\t\t<\/div>\n\t\t\t\t<\/div>\n\t\t\t\t<div class=\"elementor-element elementor-element-6282618f elementor-widget-divider--view-line elementor-widget elementor-widget-divider\" data-id=\"6282618f\" data-element_type=\"widget\" data-e-type=\"widget\" data-widget_type=\"divider.default\">\n\t\t\t\t<div class=\"elementor-widget-container\">\n\t\t\t\t\t\t\t<div class=\"elementor-divider\">\n\t\t\t<span class=\"elementor-divider-separator\">\n\t\t\t\t\t\t<\/span>\n\t\t<\/div>\n\t\t\t\t\t\t<\/div>\n\t\t\t\t<\/div>\n\t\t\t\t\t<\/div>\n\t\t<\/div>\n\t\t\t\t\t<\/div>\n\t\t<\/section>\n\t\t\t\t<section class=\"elementor-section elementor-top-section elementor-element elementor-element-6e567f77 elementor-section-boxed elementor-section-height-default elementor-section-height-default\" data-id=\"6e567f77\" data-element_type=\"section\" data-e-type=\"section\">\n\t\t\t\t\t\t<div class=\"elementor-container elementor-column-gap-default\">\n\t\t\t\t\t<div class=\"elementor-column elementor-col-100 elementor-top-column elementor-element elementor-element-15cb4e65\" data-id=\"15cb4e65\" data-element_type=\"column\" data-e-type=\"column\">\n\t\t\t<div class=\"elementor-widget-wrap elementor-element-populated\">\n\t\t\t\t\t\t<section class=\"elementor-section elementor-inner-section elementor-element elementor-element-3bfae3a4 elementor-section-boxed elementor-section-height-default elementor-section-height-default\" data-id=\"3bfae3a4\" data-element_type=\"section\" data-e-type=\"section\">\n\t\t\t\t\t\t<div class=\"elementor-container elementor-column-gap-default\">\n\t\t\t\t\t<div class=\"elementor-column elementor-col-50 elementor-inner-column elementor-element elementor-element-7b0a2373\" data-id=\"7b0a2373\" data-element_type=\"column\" data-e-type=\"column\">\n\t\t\t<div class=\"elementor-widget-wrap elementor-element-populated\">\n\t\t\t\t\t\t<div class=\"elementor-element elementor-element-6ca4aca elementor-widget elementor-widget-text-editor\" data-id=\"6ca4aca\" data-element_type=\"widget\" data-e-type=\"widget\" data-widget_type=\"text-editor.default\">\n\t\t\t\t<div class=\"elementor-widget-container\">\n\t\t\t\t\t\t\t\t\t<h2 style=\"text-align: left;\">A donation for the Arche\n<\/h2>\t\t\t\t\t\t\t\t<\/div>\n\t\t\t\t<\/div>\n\t\t\t\t<div class=\"elementor-element elementor-element-35ff4f25 elementor-widget elementor-widget-text-editor\" data-id=\"35ff4f25\" data-element_type=\"widget\" data-e-type=\"widget\" data-widget_type=\"text-editor.default\">\n\t\t\t\t<div class=\"elementor-widget-container\">\n\t\t\t\t\t\t\t\t\t<p>Rainer Schorr und seine Frau Petra spenden seit 2018 j\u00e4hrlich an das Kinder- und Jugendhilfswerk Arche in Berlin-Hellersdorf. Bei diesem privaten Engagement handelt es sich mit 50.000 und zweimal 125.000 Euro um die jeweils gr\u00f6\u00dften Einzelspenden f\u00fcr die seit 1995 bestehende Initiative.<\/p><p>The Arche helps children from socially disadvantaged backgrounds with recreational activities, including dance projects, theater classes, guitar lessons, computer courses, cooking school, bicycle repair shop, and even soccer, basketball or table tennis training, as well as with the daily provision of healthy food: For the children, their daily time at the Arche begins with a free, hot lunch. In some of the now more than 20 houses, there is an alternative hot meal in the evening. And where the Arche is directly involved in early care at schools, the children also receive a daily breakfast.<\/p><p>\"The Arche's work is inspiring because it is during the early school years that children first become aware of the consequences of social inequality. Those who start here and give children urgently needed attention give young people a perspective,\" says Rainer Schorr. \"It's great to see the impetus given to children at the Arche.\"<\/p>\t\t\t\t\t\t\t\t<\/div>\n\t\t\t\t<\/div>\n\t\t\t\t\t<\/div>\n\t\t<\/div>\n\t\t\t\t<div class=\"elementor-column elementor-col-50 elementor-inner-column elementor-element elementor-element-85f4d80\" data-id=\"85f4d80\" data-element_type=\"column\" data-e-type=\"column\">\n\t\t\t<div class=\"elementor-widget-wrap elementor-element-populated\">\n\t\t\t\t\t\t<div class=\"elementor-element elementor-element-5671fc38 elementor-widget elementor-widget-image\" data-id=\"5671fc38\" data-element_type=\"widget\" data-e-type=\"widget\" data-widget_type=\"image.default\">\n\t\t\t\t<div class=\"elementor-widget-container\">\n\t\t\t\t\t\t\t\t\t\t\t\t\t\t\t<img fetchpriority=\"high\" decoding=\"async\" width=\"800\" height=\"600\" src=\"https:\/\/www.prs-familytrust.de\/wp-content\/uploads\/2020\/12\/rainer-schorr-arche-.jpg\" class=\"attachment-large size-large wp-image-512\" alt=\"Rainer Schorr - Die Arche\" srcset=\"https:\/\/www.prs-familytrust.de\/wp-content\/uploads\/2020\/12\/rainer-schorr-arche-.jpg 800w, https:\/\/www.prs-familytrust.de\/wp-content\/uploads\/2020\/12\/rainer-schorr-arche--300x225.jpg 300w, https:\/\/www.prs-familytrust.de\/wp-content\/uploads\/2020\/12\/rainer-schorr-arche--768x576.jpg 768w\" sizes=\"(max-width: 800px) 100vw, 800px\" \/>\t\t\t\t\t\t\t\t\t\t\t\t\t\t\t<\/div>\n\t\t\t\t<\/div>\n\t\t\t\t\t<\/div>\n\t\t<\/div>\n\t\t\t\t\t<\/div>\n\t\t<\/section>\n\t\t\t\t\t<\/div>\n\t\t<\/div>\n\t\t\t\t\t<\/div>\n\t\t<\/section>\n\t\t\t\t<section class=\"elementor-section elementor-top-section elementor-element elementor-element-19adbde4 elementor-section-boxed elementor-section-height-default elementor-section-height-default\" data-id=\"19adbde4\" data-element_type=\"section\" data-e-type=\"section\">\n\t\t\t\t\t\t<div class=\"elementor-container elementor-column-gap-default\">\n\t\t\t\t\t<div class=\"elementor-column elementor-col-100 elementor-top-column elementor-element elementor-element-5dbe235a\" data-id=\"5dbe235a\" data-element_type=\"column\" data-e-type=\"column\">\n\t\t\t<div class=\"elementor-widget-wrap elementor-element-populated\">\n\t\t\t\t\t\t<div class=\"elementor-element elementor-element-b8ff69c elementor-widget elementor-widget-text-editor\" data-id=\"b8ff69c\" data-element_type=\"widget\" data-e-type=\"widget\" data-widget_type=\"text-editor.default\">\n\t\t\t\t<div class=\"elementor-widget-container\">\n\t\t\t\t\t\t\t\t\t<h2 style=\"text-align: center;\">Project GUT ZU TUN<\/h2>\t\t\t\t\t\t\t\t<\/div>\n\t\t\t\t<\/div>\n\t\t\t\t<div class=\"elementor-element elementor-element-3c66ed2 elementor-widget elementor-widget-text-editor\" data-id=\"3c66ed2\" data-element_type=\"widget\" data-e-type=\"widget\" data-widget_type=\"text-editor.default\">\n\t\t\t\t<div class=\"elementor-widget-container\">\n\t\t\t\t\t\t\t\t\t<p>Since 2009, the GUT ZU TUN project has helped people without prospects in the labor market and often without a permanent residence into work. The program, which was initiated by the Diakonisches Werk Berlin-Brandenburg-schlesische Oberlausitz and supported by the European Social Fund, supported approximately 500 homeless people or people threatened by homelessness until 2014; enabled them to receive personal support and further training. Through ESTAVIS AG, Rainer Schorr was one of the key partners of this social project. <a href=\"https:\/\/www.prs-familytrust.de\/wp-content\/uploads\/2021\/04\/broschueregutzutun.pdf\">Read more.<\/a>.<\/p>\t\t\t\t\t\t\t\t<\/div>\n\t\t\t\t<\/div>\n\t\t\t\t\t<\/div>\n\t\t<\/div>\n\t\t\t\t\t<\/div>\n\t\t<\/section>\n\t\t\t\t<\/div>","protected":false},"excerpt":{"rendered":"<p>CHARITY Geben und Nehmen Eine Spende f\u00fcr die Arche Rainer Schorr und seine Frau Petra spenden seit 2018 j\u00e4hrlich an das Kinder- und Jugendhilfswerk Arche in Berlin-Hellersdorf. Bei diesem privaten Engagement handelt es sich mit 50.000 und zweimal 125.000 Euro um die jeweils gr\u00f6\u00dften Einzelspenden f\u00fcr die seit 1995 bestehende Initiative. Die Arche hilft Kindern&hellip;&nbsp;<a href=\"https:\/\/www.prs-familytrust.de\/en\/charity\/\" rel=\"bookmark\">Read More &raquo;<span class=\"screen-reader-text\">Charity<\/span><\/a><\/p>","protected":false},"author":1,"featured_media":0,"parent":0,"menu_order":0,"comment_status":"closed","ping_status":"closed","template":"page-templates\/template-pagebuilder-full-width.php","meta":{"neve_meta_sidebar":"full-width","neve_meta_container":"","neve_meta_enable_content_width":"on","neve_meta_content_width":100,"neve_meta_title_alignment":"","neve_meta_author_avatar":"","neve_post_elements_order":"","neve_meta_disable_header":"","neve_meta_disable_footer":"","neve_meta_disable_title":"","neve_meta_reading_time":"","footnotes":""},"class_list":["post-538","page","type-page","status-publish","hentry"],"yoast_head":"<!-- This site is optimized with the Yoast SEO plugin v27.6 - https:\/\/yoast.com\/product\/yoast-seo-wordpress\/ -->\n<title>Charity - PRS FamilyTrust<\/title>\n<meta name=\"robots\" content=\"index, follow, max-snippet:-1, max-image-preview:large, max-video-preview:-1\" \/>\n<link rel=\"canonical\" href=\"https:\/\/www.prs-familytrust.de\/en\/charity\/\" \/>\n<meta property=\"og:locale\" content=\"en_US\" \/>\n<meta property=\"og:type\" content=\"article\" \/>\n<meta property=\"og:title\" content=\"Charity - PRS FamilyTrust\" \/>\n<meta property=\"og:description\" content=\"CHARITY Geben und Nehmen Eine Spende f\u00fcr die Arche Rainer Schorr und seine Frau Petra spenden seit 2018 j\u00e4hrlich an das Kinder- und Jugendhilfswerk Arche in Berlin-Hellersdorf. Bei diesem privaten Engagement handelt es sich mit 50.000 und zweimal 125.000 Euro um die jeweils gr\u00f6\u00dften Einzelspenden f\u00fcr die seit 1995 bestehende Initiative. Die Arche hilft Kindern&hellip;&nbsp;Read More &raquo;Charity\" \/>\n<meta property=\"og:url\" content=\"https:\/\/www.prs-familytrust.de\/en\/charity\/\" \/>\n<meta property=\"og:site_name\" content=\"PRS FamilyTrust\" \/>\n<meta property=\"article:modified_time\" content=\"2021-04-01T08:24:04+00:00\" \/>\n<meta property=\"og:image\" content=\"https:\/\/www.prs-familytrust.de\/wp-content\/uploads\/2020\/12\/rainer-schorr-arche-.jpg\" \/>\n<meta name=\"twitter:card\" content=\"summary_large_image\" \/>\n<meta name=\"twitter:label1\" content=\"Est. reading time\" \/>\n\t<meta name=\"twitter:data1\" content=\"2 minutes\" \/>\n<script type=\"application\/ld+json\" class=\"yoast-schema-graph\">{\"@context\":\"https:\\\/\\\/schema.org\",\"@graph\":[{\"@type\":\"WebPage\",\"@id\":\"https:\\\/\\\/www.prs-familytrust.de\\\/charity\\\/\",\"url\":\"https:\\\/\\\/www.prs-familytrust.de\\\/charity\\\/\",\"name\":\"Charity - PRS FamilyTrust\",\"isPartOf\":{\"@id\":\"https:\\\/\\\/www.prs-familytrust.de\\\/#website\"},\"primaryImageOfPage\":{\"@id\":\"https:\\\/\\\/www.prs-familytrust.de\\\/charity\\\/#primaryimage\"},\"image\":{\"@id\":\"https:\\\/\\\/www.prs-familytrust.de\\\/charity\\\/#primaryimage\"},\"thumbnailUrl\":\"https:\\\/\\\/www.prs-familytrust.de\\\/wp-content\\\/uploads\\\/2020\\\/12\\\/rainer-schorr-arche-.jpg\",\"datePublished\":\"2020-12-14T10:08:55+00:00\",\"dateModified\":\"2021-04-01T08:24:04+00:00\",\"breadcrumb\":{\"@id\":\"https:\\\/\\\/www.prs-familytrust.de\\\/charity\\\/#breadcrumb\"},\"inLanguage\":\"en-US\",\"potentialAction\":[{\"@type\":\"ReadAction\",\"target\":[\"https:\\\/\\\/www.prs-familytrust.de\\\/charity\\\/\"]}]},{\"@type\":\"ImageObject\",\"inLanguage\":\"en-US\",\"@id\":\"https:\\\/\\\/www.prs-familytrust.de\\\/charity\\\/#primaryimage\",\"url\":\"https:\\\/\\\/www.prs-familytrust.de\\\/wp-content\\\/uploads\\\/2020\\\/12\\\/rainer-schorr-arche-.jpg\",\"contentUrl\":\"https:\\\/\\\/www.prs-familytrust.de\\\/wp-content\\\/uploads\\\/2020\\\/12\\\/rainer-schorr-arche-.jpg\"},{\"@type\":\"BreadcrumbList\",\"@id\":\"https:\\\/\\\/www.prs-familytrust.de\\\/charity\\\/#breadcrumb\",\"itemListElement\":[{\"@type\":\"ListItem\",\"position\":1,\"name\":\"Home\",\"item\":\"https:\\\/\\\/www.prs-familytrust.de\\\/\"},{\"@type\":\"ListItem\",\"position\":2,\"name\":\"Charity\"}]},{\"@type\":\"WebSite\",\"@id\":\"https:\\\/\\\/www.prs-familytrust.de\\\/#website\",\"url\":\"https:\\\/\\\/www.prs-familytrust.de\\\/\",\"name\":\"PRS FamilyTrust\",\"description\":\"\",\"publisher\":{\"@id\":\"https:\\\/\\\/www.prs-familytrust.de\\\/#organization\"},\"potentialAction\":[{\"@type\":\"SearchAction\",\"target\":{\"@type\":\"EntryPoint\",\"urlTemplate\":\"https:\\\/\\\/www.prs-familytrust.de\\\/?s={search_term_string}\"},\"query-input\":{\"@type\":\"PropertyValueSpecification\",\"valueRequired\":true,\"valueName\":\"search_term_string\"}}],\"inLanguage\":\"en-US\"},{\"@type\":\"Organization\",\"@id\":\"https:\\\/\\\/www.prs-familytrust.de\\\/#organization\",\"name\":\"PRS FamilyTrust\",\"url\":\"https:\\\/\\\/www.prs-familytrust.de\\\/\",\"logo\":{\"@type\":\"ImageObject\",\"inLanguage\":\"en-US\",\"@id\":\"https:\\\/\\\/www.prs-familytrust.de\\\/#\\\/schema\\\/logo\\\/image\\\/\",\"url\":\"https:\\\/\\\/www.prs-familytrust.de\\\/wp-content\\\/uploads\\\/2020\\\/12\\\/cropped-logo-white-1.png\",\"contentUrl\":\"https:\\\/\\\/www.prs-familytrust.de\\\/wp-content\\\/uploads\\\/2020\\\/12\\\/cropped-logo-white-1.png\",\"width\":180,\"height\":84,\"caption\":\"PRS FamilyTrust\"},\"image\":{\"@id\":\"https:\\\/\\\/www.prs-familytrust.de\\\/#\\\/schema\\\/logo\\\/image\\\/\"}}]}<\/script>\n<!-- \/ Yoast SEO plugin. -->","yoast_head_json":{"title":"Charity - PRS FamilyTrust","robots":{"index":"index","follow":"follow","max-snippet":"max-snippet:-1","max-image-preview":"max-image-preview:large","max-video-preview":"max-video-preview:-1"},"canonical":"https:\/\/www.prs-familytrust.de\/en\/charity\/","og_locale":"en_US","og_type":"article","og_title":"Charity - PRS FamilyTrust","og_description":"CHARITY Geben und Nehmen Eine Spende f\u00fcr die Arche Rainer Schorr und seine Frau Petra spenden seit 2018 j\u00e4hrlich an das Kinder- und Jugendhilfswerk Arche in Berlin-Hellersdorf. Bei diesem privaten Engagement handelt es sich mit 50.000 und zweimal 125.000 Euro um die jeweils gr\u00f6\u00dften Einzelspenden f\u00fcr die seit 1995 bestehende Initiative. Die Arche hilft Kindern&hellip;&nbsp;Read More &raquo;Charity","og_url":"https:\/\/www.prs-familytrust.de\/en\/charity\/","og_site_name":"PRS FamilyTrust","article_modified_time":"2021-04-01T08:24:04+00:00","og_image":[{"url":"https:\/\/www.prs-familytrust.de\/wp-content\/uploads\/2020\/12\/rainer-schorr-arche-.jpg","type":"","width":"","height":""}],"twitter_card":"summary_large_image","twitter_misc":{"Est. reading time":"2 minutes"},"schema":{"@context":"https:\/\/schema.org","@graph":[{"@type":"WebPage","@id":"https:\/\/www.prs-familytrust.de\/charity\/","url":"https:\/\/www.prs-familytrust.de\/charity\/","name":"Charity - PRS FamilyTrust","isPartOf":{"@id":"https:\/\/www.prs-familytrust.de\/#website"},"primaryImageOfPage":{"@id":"https:\/\/www.prs-familytrust.de\/charity\/#primaryimage"},"image":{"@id":"https:\/\/www.prs-familytrust.de\/charity\/#primaryimage"},"thumbnailUrl":"https:\/\/www.prs-familytrust.de\/wp-content\/uploads\/2020\/12\/rainer-schorr-arche-.jpg","datePublished":"2020-12-14T10:08:55+00:00","dateModified":"2021-04-01T08:24:04+00:00","breadcrumb":{"@id":"https:\/\/www.prs-familytrust.de\/charity\/#breadcrumb"},"inLanguage":"en-US","potentialAction":[{"@type":"ReadAction","target":["https:\/\/www.prs-familytrust.de\/charity\/"]}]},{"@type":"ImageObject","inLanguage":"en-US","@id":"https:\/\/www.prs-familytrust.de\/charity\/#primaryimage","url":"https:\/\/www.prs-familytrust.de\/wp-content\/uploads\/2020\/12\/rainer-schorr-arche-.jpg","contentUrl":"https:\/\/www.prs-familytrust.de\/wp-content\/uploads\/2020\/12\/rainer-schorr-arche-.jpg"},{"@type":"BreadcrumbList","@id":"https:\/\/www.prs-familytrust.de\/charity\/#breadcrumb","itemListElement":[{"@type":"ListItem","position":1,"name":"Home","item":"https:\/\/www.prs-familytrust.de\/"},{"@type":"ListItem","position":2,"name":"Charity"}]},{"@type":"WebSite","@id":"https:\/\/www.prs-familytrust.de\/#website","url":"https:\/\/www.prs-familytrust.de\/","name":"PRS FamilyTrus","description":"","publisher":{"@id":"https:\/\/www.prs-familytrust.de\/#organization"},"potentialAction":[{"@type":"SearchAction","target":{"@type":"EntryPoint","urlTemplate":"https:\/\/www.prs-familytrust.de\/?s={search_term_string}"},"query-input":{"@type":"PropertyValueSpecification","valueRequired":true,"valueName":"search_term_string"}}],"inLanguage":"en-US"},{"@type":"Organization","@id":"https:\/\/www.prs-familytrust.de\/#organization","name":"PRS FamilyTrus","url":"https:\/\/www.prs-familytrust.de\/","logo":{"@type":"ImageObject","inLanguage":"en-US","@id":"https:\/\/www.prs-familytrust.de\/#\/schema\/logo\/image\/","url":"https:\/\/www.prs-familytrust.de\/wp-content\/uploads\/2020\/12\/cropped-logo-white-1.png","contentUrl":"https:\/\/www.prs-familytrust.de\/wp-content\/uploads\/2020\/12\/cropped-logo-white-1.png","width":180,"height":84,"caption":"PRS FamilyTrust"},"image":{"@id":"https:\/\/www.prs-familytrust.de\/#\/schema\/logo\/image\/"}}]}},"_links":{"self":[{"href":"https:\/\/www.prs-familytrust.de\/en\/wp-json\/wp\/v2\/pages\/538","targetHints":{"allow":["GET"]}}],"collection":[{"href":"https:\/\/www.prs-familytrust.de\/en\/wp-json\/wp\/v2\/pages"}],"about":[{"href":"https:\/\/www.prs-familytrust.de\/en\/wp-json\/wp\/v2\/types\/page"}],"author":[{"embeddable":true,"href":"https:\/\/www.prs-familytrust.de\/en\/wp-json\/wp\/v2\/users\/1"}],"replies":[{"embeddable":true,"href":"https:\/\/www.prs-familytrust.de\/en\/wp-json\/wp\/v2\/comments?post=538"}],"version-history":[{"count":22,"href":"https:\/\/www.prs-familytrust.de\/en\/wp-json\/wp\/v2\/pages\/538\/revisions"}],"predecessor-version":[{"id":782,"href":"https:\/\/www.prs-familytrust.de\/en\/wp-json\/wp\/v2\/pages\/538\/revisions\/782"}],"wp:attachment":[{"href":"https:\/\/www.prs-familytrust.de\/en\/wp-json\/wp\/v2\/media?parent=538"}],"curies":[{"name":"wp","href":"https:\/\/api.w.org\/{rel}","templated":true}]}}